{"id":7079,"date":"2020-06-10T17:44:57","date_gmt":"2020-06-10T22:44:57","guid":{"rendered":"https:\/\/maghreb-observateur.com\/?page_id=7079"},"modified":"2021-04-13T09:11:00","modified_gmt":"2021-04-13T14:11:00","slug":"articles","status":"publish","type":"page","link":"https:\/\/maghreb-observateur.com\/","title":{"rendered":"Articles"},"content":{"rendered":"<ul class=\"wp-block-latest-posts__list has-dates wp-block-latest-posts\"><li><a class=\"wp-block-latest-posts__post-title\" href=\"https:\/\/maghreb-observateur.com\/?p=23590\">Alertes \u00e0 la bombe\u00a0:\u00a0un individu arr\u00eat\u00e9 au Maroc accus\u00e9 au Canada<\/a><time datetime=\"2023-12-28T10:45:45-05:00\" class=\"wp-block-latest-posts__post-date\">28 d\u00e9cembre 2023<\/time><div class=\"wp-block-latest-posts__post-excerpt\">La PPO consulte le minist\u00e8re f\u00e9d\u00e9ral de la Justice pour d\u00e9terminer comment l\u2019accus\u00e9 compara\u00eetra devant la Cour de justice de l&#8217;Ontario. (Photo d&#8217;archives) PHOTO : (CBC) Radio-Canada Publi\u00e9 hier \u00e0&nbsp;12&nbsp;h&nbsp;37&nbsp;HNE La Police provinciale de l&#8217;Ontario (PPO) affirme qu&#8217;un suspect arr\u00eat\u00e9 au Maroc relativement \u00e0 des alertes \u00e0 la bombe en Belgique fait maintenant face \u00e0&hellip; <\/div><\/li>\n<li><a class=\"wp-block-latest-posts__post-title\" href=\"https:\/\/maghreb-observateur.com\/?p=23578\">\u0627\u0644\u062a\u0639\u0644\u064a\u0645 \u0648\u0623\u0632\u0645\u0629 \u0627\u0644\u062a\u0648\u0627\u0635\u0644 \u0627\u0644\u062d\u0643\u0648\u0645\u064a<\/a><time datetime=\"2023-12-13T23:04:04-05:00\" class=\"wp-block-latest-posts__post-date\">13 d\u00e9cembre 2023<\/time><div class=\"wp-block-latest-posts__post-excerpt\">Pr : Belkacem Amenzou \u062a\u0648\u0641\u0642 \u0627\u0644\u0623\u0633\u0627\u062a\u0630\u0629 \u0645\u0646 \u0627\u0644\u0646\u0627\u062d\u064a\u0629 \u0627\u0644\u062a\u0648\u0627\u0635\u0644\u064a\u0629 \u0628\u0634\u0643\u0644 \u0644\u0627\u0641\u062a \u0639\u0644\u0649 \u0627\u0644\u0648\u0632\u0627\u0631\u0629 \u0627\u0644\u0648\u0635\u064a\u0629\u060c \u0648\u0627\u0644\u062d\u0643\u0648\u0645\u0629\u060c \u0648\u0627\u0644\u0646\u0627\u0637\u0642 \u0627\u0644\u0631\u0633\u0645\u064a \u0628\u0627\u0633\u0645\u0647\u0627\u060c \u0648\u0647\u0628\u0629 &#8220;\u0648\u0647\u0628\u0647\u0627&#8221; -\u0646\u0633\u0628\u0629 \u0625\u0644\u0649 \u0648\u0647\u0628\u064a- \u0641\u064a \u0645\u0633\u0644\u0633\u0644 \u0627\u0644\u0645\u0641\u0627\u0648\u0636\u0627\u062a \u0627\u0644\u0631\u0627\u0645\u064a\u0629 \u0625\u0644\u0649 \u062d\u0644 \u0623\u0632\u0645\u0629 \u0627\u0644\u0625\u0636\u0631\u0627\u0628\u0627\u062a \u0627\u0644\u0645\u062a\u0648\u0627\u0635\u0644\u0629 \u0644\u0623\u0643\u062b\u0631 \u0645\u0646 \u0634\u0647\u0631\u064a\u0646 \u0645\u062a\u062a\u0627\u0628\u0639\u064a\u0646. \u0647\u0643\u0630\u0627 \u0625\u0630\u0646 \u062a\u0627\u0628\u0639 \u0627\u0644\u062c\u0645\u064a\u0639 \u0643\u064a\u0641 \u0635\u0627\u0631\u062a \u0627\u0644\u0623\u0645\u0648\u0631 \u0645\u0646\u0630 \u0623\u0646 \u0635\u062f\u0631 \u0645\u0631\u0633\u0648\u0645 \u0627\u0644\u0646\u0638\u0627\u0645 \u0627\u0644\u0623\u0633\u0627\u0633\u064a \u0644\u0634\u063a\u064a\u0644\u0629 \u0627\u0644\u062a\u0639\u0644\u064a\u0645\u060c \u0648\u0643\u064a\u0641 \u064a\u062a\u0627\u0628\u0639 \u0627\u0644\u062c\u0645\u064a\u0639 \u0623\u0637\u0648\u0627\u0631&hellip; <\/div><\/li>\n<li><a class=\"wp-block-latest-posts__post-title\" href=\"https:\/\/maghreb-observateur.com\/?p=23571\">Canada\/\u00c9conomie : Perspectives \u00e9conomiques canadiennes\u00a0pour 2024:\u00a0des attentes mod\u00e9r\u00e9es<\/a><time datetime=\"2023-12-13T09:11:04-05:00\" class=\"wp-block-latest-posts__post-date\">13 d\u00e9cembre 2023<\/time><div class=\"wp-block-latest-posts__post-excerpt\">Alors que plusieurs propri\u00e9taires d\u2019entreprise canadiens se r\u00e9jouiront de voir&nbsp;l\u2019ann\u00e9e 2023&nbsp;tirer \u00e0 sa fin, les attentes&nbsp;pour 2024&nbsp;devraient rester mod\u00e9r\u00e9es Lecture de 9 minutes Malgr\u00e9 une inflation persistante tr\u00e8s forte et des hausses de taux d\u2019int\u00e9r\u00eat, les nouvelles ont g\u00e9n\u00e9ralement \u00e9t\u00e9 meilleures que pr\u00e9vu pour l\u2019\u00e9conomie canadienne&nbsp;en 2023. \u00c0 pareille date l\u2019an dernier, plusieurs \u00e9conomistes se&hellip; <\/div><\/li>\n<li><a class=\"wp-block-latest-posts__post-title\" href=\"https:\/\/maghreb-observateur.com\/?p=23569\">Lutte contre la corruption: Le Maroc stagne, les citoyens pointent l\u2019\u00e9tendue du ph\u00e9nom\u00e8ne<\/a><time datetime=\"2023-12-13T08:16:41-05:00\" class=\"wp-block-latest-posts__post-date\">13 d\u00e9cembre 2023<\/time><div class=\"wp-block-latest-posts__post-excerpt\">Mounia Sanhaji La&nbsp;corruption&nbsp;est toujours end\u00e9mique au&nbsp;Maroc, le pays n&#8217;ayant fait aucun progr\u00e8s significatif dans la lutte contre ce ph\u00e9nom\u00e8ne. Selon le diagnostic \u00e9tabli par l\u2019Instance nationale de la probit\u00e9, de la pr\u00e9vention et de la lutte contre la corruption (INPPLC), le Royaume stagne depuis 25 ans dans cette lutte avec une tendance au recul dans&hellip; <\/div><\/li>\n<li><a class=\"wp-block-latest-posts__post-title\" href=\"https:\/\/maghreb-observateur.com\/?p=20681\">MAROC\/SECURITE SUR LES CHANTIERS : Respecter la s\u00e9curit\u00e9 sur un chantier ?<\/a><time datetime=\"2023-12-13T07:54:47-05:00\" class=\"wp-block-latest-posts__post-date\">13 d\u00e9cembre 2023<\/time><div class=\"wp-block-latest-posts__post-excerpt\">Mise \u00e0 jour le 13-12-2023 Sur un chantier, les risques&nbsp;sont nombreux. Ils sont \u00e0 la fois encourus par les travailleurs du BTP, mais aussi par les personnes non impliqu\u00e9es dans les travaux.&nbsp;Les&nbsp;accidents de travail&nbsp;peuvent \u00eatre graves et avoir de lourdes cons\u00e9quences. C\u2019est pourquoi l\u2019application de&nbsp;r\u00e8gles de s\u00e9curit\u00e9 sur un chantier&nbsp;est primordiale. C\u2019est l\u2019entreprise qui est&hellip; <\/div><\/li>\n<li><a class=\"wp-block-latest-posts__post-title\" href=\"https:\/\/maghreb-observateur.com\/?p=23560\">La le\u00e7on du Vietnam : La Bataille de \u00ab T\u00eat\u00bb<\/a><time datetime=\"2023-12-13T07:43:55-05:00\" class=\"wp-block-latest-posts__post-date\">13 d\u00e9cembre 2023<\/time><div class=\"wp-block-latest-posts__post-excerpt\">Ibrahim HARIRI Ecrivain et Journaliste Sous le commandement du G\u00e9n\u00e9ral GIAP, les vietnamiens du Nord (Viet cong) ont men\u00e9, entre le 29 janvier et le 25 f\u00e9vrier 1968, une attaque contre les troupes am\u00e9ricaines et leurs alli\u00e9s des sud-vietnamiens. La Bataille tire son nom \u00ab T\u00eat \u00bb des c\u00e9l\u00e9brations vietnamiennes du Nouvel an. Le d\u00e9roulement&hellip; <\/div><\/li>\n<li><a class=\"wp-block-latest-posts__post-title\" href=\"https:\/\/maghreb-observateur.com\/?p=23557\">Charles III et Camilla\u00a0: leur suppos\u00e9 fils cach\u00e9 \u201cd\u00e9vast\u00e9\u201d, il annonce une terrible nouvelle<\/a><time datetime=\"2023-12-13T06:54:04-05:00\" class=\"wp-block-latest-posts__post-date\">13 d\u00e9cembre 2023<\/time><div class=\"wp-block-latest-posts__post-excerpt\">Cl\u00e9mence Tingry&nbsp; VOIR LE DIAPORAMA @AGENCE \/ BESTIMAGE L\u2019autoproclam\u00e9 fils cach\u00e9 du roi et de la reine de Grande-Bretagne, Simon Dorante-Day, a de nouveau donn\u00e9 signe de vie ce 10 juillet en annon\u00e7ant, sur Facebook, une triste nouvelle au sujet de sa famille. Le suppos\u00e9 fils cach\u00e9 de Charles III et Camilla&nbsp;a encore fait parler&hellip; <\/div><\/li>\n<li><a class=\"wp-block-latest-posts__post-title\" href=\"https:\/\/maghreb-observateur.com\/?p=23553\">\u0627\u0644\u062a\u0639\u0644\u064a\u0645: \u062a\u064e\u0639\u064e\u0642\u064f\u0651\u062f \u0627\u0644\u0645\u0644\u0641 \u0628\u064a\u0646 \u0627\u0644\u062a\u0642\u0627\u0639\u062f \u0648\u0631\u064a\u0639 \u0627\u0644\u062a\u0641\u0631\u063a \u0648\u0642\u0646\u0628\u0644\u0629 \u0627\u0644\u062a\u0639\u0627\u0642\u062f<\/a><time datetime=\"2023-12-13T03:36:29-05:00\" class=\"wp-block-latest-posts__post-date\">13 d\u00e9cembre 2023<\/time><div class=\"wp-block-latest-posts__post-excerpt\">Pr Belkassem Amanzou \u0645\u0627\u0632\u0627\u0644 \u0627\u0644\u0627\u062a\u0641\u0627\u0642 \u0627\u0644\u0645\u0648\u0642\u0639 \u064a\u0648\u0645 \u0627\u0644\u0623\u062d\u062f 10 \u062f\u062c\u0646\u0628\u0631 2023 by\u064a\u0646 \u0627\u0644\u062d\u0643\u0648\u0645\u0629 \u0648\u0645\u0627 \u064a\u0633\u0645\u0649 by&#8221;\u0627\u0644\u0646\u0642\u0627\u0628\u0627\u062a \u0627\u0644\u0623\u0643\u062b\u0631 \u062a\u0645\u062b\u064a\u0644\u064a\u0629&#8221;\u060c \u064a\u0633\u064a\u0644 \u0627\u0644\u0645\u0632\u064a\u062f \u0645\u0646 \u0627\u0644\u0645\u062f \u0627\u062f \u0627\u0644\u0646\u0636\u0627\u0644\u064a \u0641\u064a \u0627\u0644\u0645\u064a\u062f\u0627\u0646 \u0648\u0631\u062f\u0648\u062f \u0627\u0644\u0623\u0641\u0639\u0627\u0644 \u0641\u064a \u0642\u0637\u0627\u0639 \u0627\u0644\u062a\u0639\u0644\u064a\u0645 \u0645\u0646 \u0627\u0644\u0623\u0648\u0644\u064a \u0625\u0644\u0649 \u0627\u0644\u062b\u0627\u0646\u0648\u064a. \u0623\u0648\u0644 \u0631\u0633\u0627\u0644\u0629 \u0627\u0644\u062a\u0642\u0637\u0647\u0627 \u0627\u0644\u0642\u0637\u0627\u0639 \u062a\u062a\u0644\u062e\u0635 \u0641\u064a \u0627\u0644\u062a\u0648\u0642\u064a\u0639\u0627\u062a \u0627\u0644\u0646\u0642\u0627\u0628\u064a\u0629\u060c \u062d\u064a\u062b \u062a\u0628\u064a\u0646 \u0623\u0646 \u0627\u062b\u0646\u064a\u0646 \u0645\u0646 \u0627\u0644\u0645\u0648\u0642\u0639\u064a\u0646 \u0639\u0644\u0649 \u0627\u0644\u0627\u062a\u0641\u0627\u0642 &#8220;\u0645\u062a\u0642\u0627\u0639\u062f\u0648\u0646 &#8220;, \u0648\u0627\u0644\u0622\u062e\u0631\u0648\u0646 \u0645\u062a\u0641\u0631\u063a\u0648\u0646.\u0628\u0627\u0644\u0646\u0633\u0628\u0629&hellip; <\/div><\/li>\n<li><a class=\"wp-block-latest-posts__post-title\" href=\"https:\/\/maghreb-observateur.com\/?p=23547\">Netanyahu admet ses vraies motivations \u00e0 propos de la Guerre \u00e0 Gaza : Gaza ne sera ni un &#8221;Hamasstan&#8221; ni un &#8221;Fatahstan&#8221;.&#8221; a-t-il averti.<\/a><time datetime=\"2023-12-13T01:09:49-05:00\" class=\"wp-block-latest-posts__post-date\">13 d\u00e9cembre 2023<\/time><div class=\"wp-block-latest-posts__post-excerpt\">Abdelwahab Benzakour (Avec AFP) &#8221;Oui, il y a un d\u00e9saccord sur l&#8217;apr\u00e8s-guerre, et j\u2019esp\u00e8re que nous parviendrons \u00e9galement \u00e0 un accord sur ce point&#8221;. &#8220;Je voudrais clarifier ma position : je ne permettrai pas \u00e0 Isra\u00ebl de refaire l&#8217;erreur d&#8217;Oslo. Et apr\u00e8s le sacrifice de nos citoyens et de nos militaires, je n&#8217;introduirai pas \u00e0&hellip; <\/div><\/li>\n<li><a class=\"wp-block-latest-posts__post-title\" href=\"https:\/\/maghreb-observateur.com\/?p=23540\">Joe Biden dans la tourmente : son fils Hunter une nouvelle fois inculp\u00e9<\/a><time datetime=\"2023-12-12T07:46:59-05:00\" class=\"wp-block-latest-posts__post-date\">12 d\u00e9cembre 2023<\/time><div class=\"wp-block-latest-posts__post-excerpt\">Le jeudi 7 d\u00e9cembre 2023, Hunter Biden, le fils du pr\u00e9sident Joe Biden, a \u00e9t\u00e9 inculp\u00e9 une nouvelle fois en seulement un an. Cette fois, l\u2019homme de 53 ans est accus\u00e9 de fraude fiscale. C\u2019est un&nbsp;nouveau scandale&nbsp;qui secoue en ce moment-m\u00eame la Maison-Blanche. Le jeudi 7 d\u00e9cembre 2023, dans un document relay\u00e9 par l\u2019AFP, on&hellip; <\/div><\/li>\n<\/ul>","protected":false},"excerpt":{"rendered":"","protected":false},"author":1,"featured_media":0,"parent":0,"menu_order":0,"comment_status":"open","ping_status":"closed","template":"","meta":{"_bbp_topic_count":0,"_bbp_reply_count":0,"_bbp_total_topic_count":0,"_bbp_total_reply_count":0,"_bbp_voice_count":0,"_bbp_anonymous_reply_count":0,"_bbp_topic_count_hidden":0,"_bbp_reply_count_hidden":0,"_bbp_forum_subforum_count":0,"ngg_post_thumbnail":0},"_links":{"self":[{"href":"https:\/\/maghreb-observateur.com\/index.php?rest_route=\/wp\/v2\/pages\/7079"}],"collection":[{"href":"https:\/\/maghreb-observateur.com\/index.php?rest_route=\/wp\/v2\/pages"}],"about":[{"href":"https:\/\/maghreb-observateur.com\/index.php?rest_route=\/wp\/v2\/types\/page"}],"author":[{"embeddable":true,"href":"https:\/\/maghreb-observateur.com\/index.php?rest_route=\/wp\/v2\/users\/1"}],"replies":[{"embeddable":true,"href":"https:\/\/maghreb-observateur.com\/index.php?rest_route=%2Fwp%2Fv2%2Fcomments&post=7079"}],"version-history":[{"count":1,"href":"https:\/\/maghreb-observateur.com\/index.php?rest_route=\/wp\/v2\/pages\/7079\/revisions"}],"predecessor-version":[{"id":7080,"href":"https:\/\/maghreb-observateur.com\/index.php?rest_route=\/wp\/v2\/pages\/7079\/revisions\/7080"}],"wp:attachment":[{"href":"https:\/\/maghreb-observateur.com\/index.php?rest_route=%2Fwp%2Fv2%2Fmedia&parent=7079"}],"curies":[{"name":"wp","href":"https:\/\/api.w.org\/{rel}","templated":true}]}}